{"id":27,"date":"2024-09-11T11:08:29","date_gmt":"2024-09-11T04:08:29","guid":{"rendered":"https:\/\/omodajaecoo-caugiay.vn\/?page_id=27"},"modified":"2024-09-12T16:44:08","modified_gmt":"2024-09-12T09:44:08","slug":"tin-tuc","status":"publish","type":"page","link":"https:\/\/omodajaecoo-caugiay.vn\/?page_id=27","title":{"rendered":"Tin T\u1ee9c"},"content":{"rendered":"\n  <div id=\"page-header-613568769\" class=\"page-header-wrapper\">\n  <div class=\"page-title dark featured-title\">\n\n    \n    <div class=\"page-title-inner container align-center text-center flex-row-col medium-flex-wrap\" >\n              <div class=\"title-wrapper flex-col\">\n          <h1 class=\"entry-title mb-0\">\n            Tin T\u1ee9c          <\/h1>\n        <\/div>\n                    <div class=\"title-content flex-col\">\n        <div class=\"title-breadcrumbs pb-half pt-half\"><\/div>      <\/div>\n    <\/div>\n\n       <\/div>\n    <\/div>\n  \n\n\n  \n    <div class=\"row large-columns-3 medium-columns-1 small-columns-1 slider row-slider slider-nav-reveal slider-nav-push\"  data-flickity-options='{\"imagesLoaded\": true, \"groupCells\": \"100%\", \"dragThreshold\" : 5, \"cellAlign\": \"left\",\"wrapAround\": true,\"prevNextButtons\": true,\"percentPosition\": true,\"pageDots\": false, \"rightToLeft\": false, \"autoPlay\" : false}'>\n\n  <div class=\"col post-item\" >\n\t\t\t<div class=\"col-inner\">\n\t\t\t<a href=\"https:\/\/omodajaecoo-caugiay.vn\/?p=286\" class=\"plain\">\n\t\t\t\t<div class=\"box box-normal box-text-bottom box-blog-post has-hover\">\n            \t\t\t\t\t<div class=\"box-image\" >\n  \t\t\t\t\t\t<div class=\"image-cover\" style=\"padding-top:56.25%;\">\n  \t\t\t\t\t\t\t<img loading=\"lazy\" decoding=\"async\" width=\"300\" height=\"169\" src=\"https:\/\/omodajaecoo-caugiay.vn\/wp-content\/uploads\/2024\/09\/DSCF5420-300x169.jpg\" class=\"attachment-medium size-medium wp-post-image\" alt=\"\" srcset=\"https:\/\/omodajaecoo-caugiay.vn\/wp-content\/uploads\/2024\/09\/DSCF5420-300x169.jpg 300w, https:\/\/omodajaecoo-caugiay.vn\/wp-content\/uploads\/2024\/09\/DSCF5420-1024x576.jpg 1024w, https:\/\/omodajaecoo-caugiay.vn\/wp-content\/uploads\/2024\/09\/DSCF5420-768x432.jpg 768w, https:\/\/omodajaecoo-caugiay.vn\/wp-content\/uploads\/2024\/09\/DSCF5420-1536x864.jpg 1536w, https:\/\/omodajaecoo-caugiay.vn\/wp-content\/uploads\/2024\/09\/DSCF5420.jpg 2000w\" sizes=\"auto, (max-width: 300px) 100vw, 300px\" \/>  \t\t\t\t\t\t\t  \t\t\t\t\t\t\t  \t\t\t\t\t\t<\/div>\n  \t\t\t\t\t\t  \t\t\t\t\t<\/div>\n          \t\t\t\t\t<div class=\"box-text text-center\" >\n\t\t\t\t\t<div class=\"box-text-inner blog-post-inner\">\n\n\t\t\t\t\t\n\t\t\t\t\t\t\t\t\t\t<h5 class=\"post-title is-large \">T\u00ednh N\u0103ng OMODA C5<\/h5>\n\t\t\t\t\t\t\t\t\t\t<div class=\"is-divider\"><\/div>\n\t\t\t\t\t\t\t\t\t\t<p class=\"from_the_blog_excerpt \">\ud83d\ude98OMODA C5 v\u1edbi nh\u1eefng t\u00ednh n\u0103ng c\u00f4ng ngh\u1ec7 v\u01b0\u1ee3t tr\u1ed9i h\u1ee9a h\u1eb9n s\u1ebd \u0111em \u0111\u1ebfn [...]\t\t\t\t\t<\/p>\n\t\t\t\t\t                    \n\t\t\t\t\t\n\t\t\t\t\t\n\t\t\t\t\t<\/div>\n\t\t\t\t\t<\/div>\n\t\t\t\t\t\t\t\t\t<\/div>\n\t\t\t\t<\/a>\n\t\t\t<\/div>\n\t\t<\/div><div class=\"col post-item\" >\n\t\t\t<div class=\"col-inner\">\n\t\t\t<a href=\"https:\/\/omodajaecoo-caugiay.vn\/?p=316\" class=\"plain\">\n\t\t\t\t<div class=\"box box-normal box-text-bottom box-blog-post has-hover\">\n            \t\t\t\t\t<div class=\"box-image\" >\n  \t\t\t\t\t\t<div class=\"image-cover\" style=\"padding-top:56.25%;\">\n  \t\t\t\t\t\t\t<img loading=\"lazy\" decoding=\"async\" width=\"300\" height=\"200\" src=\"https:\/\/omodajaecoo-caugiay.vn\/wp-content\/uploads\/2024\/11\/PL_00548-300x200.jpg\" class=\"attachment-medium size-medium wp-post-image\" alt=\"\" srcset=\"https:\/\/omodajaecoo-caugiay.vn\/wp-content\/uploads\/2024\/11\/PL_00548-300x200.jpg 300w, https:\/\/omodajaecoo-caugiay.vn\/wp-content\/uploads\/2024\/11\/PL_00548-1024x684.jpg 1024w, https:\/\/omodajaecoo-caugiay.vn\/wp-content\/uploads\/2024\/11\/PL_00548-768x513.jpg 768w, https:\/\/omodajaecoo-caugiay.vn\/wp-content\/uploads\/2024\/11\/PL_00548-1536x1026.jpg 1536w, https:\/\/omodajaecoo-caugiay.vn\/wp-content\/uploads\/2024\/11\/PL_00548-2048x1368.jpg 2048w\" sizes=\"auto, (max-width: 300px) 100vw, 300px\" \/>  \t\t\t\t\t\t\t  \t\t\t\t\t\t\t  \t\t\t\t\t\t<\/div>\n  \t\t\t\t\t\t  \t\t\t\t\t<\/div>\n          \t\t\t\t\t<div class=\"box-text text-center\" >\n\t\t\t\t\t<div class=\"box-text-inner blog-post-inner\">\n\n\t\t\t\t\t\n\t\t\t\t\t\t\t\t\t\t<h5 class=\"post-title is-large \">Omoda &amp; Jaecoo C\u1ea7u Gi\u1ea5y<\/h5>\n\t\t\t\t\t\t\t\t\t\t<div class=\"is-divider\"><\/div>\n\t\t\t\t\t\t\t\t\t\t<p class=\"from_the_blog_excerpt \">\ud83d\udd25 OMODA &#038; JAECOO C\u1ea6U GI\u1ea4Y l\u00e0 m\u1ed9t doanh nghi\u1ec7p tr\u1ebb n\u0103ng \u0111\u1ed9ng, ho\u1ea1t \u0111\u1ed9ng [...]\t\t\t\t\t<\/p>\n\t\t\t\t\t                    \n\t\t\t\t\t\n\t\t\t\t\t\n\t\t\t\t\t<\/div>\n\t\t\t\t\t<\/div>\n\t\t\t\t\t\t\t\t\t<\/div>\n\t\t\t\t<\/a>\n\t\t\t<\/div>\n\t\t<\/div><div class=\"col post-item\" >\n\t\t\t<div class=\"col-inner\">\n\t\t\t<a href=\"https:\/\/omodajaecoo-caugiay.vn\/?p=306\" class=\"plain\">\n\t\t\t\t<div class=\"box box-normal box-text-bottom box-blog-post has-hover\">\n            \t\t\t\t\t<div class=\"box-image\" >\n  \t\t\t\t\t\t<div class=\"image-cover\" style=\"padding-top:56.25%;\">\n  \t\t\t\t\t\t\t<img loading=\"lazy\" decoding=\"async\" width=\"300\" height=\"200\" src=\"https:\/\/omodajaecoo-caugiay.vn\/wp-content\/uploads\/2024\/11\/PL_00151-300x200.jpg\" class=\"attachment-medium size-medium wp-post-image\" alt=\"\" srcset=\"https:\/\/omodajaecoo-caugiay.vn\/wp-content\/uploads\/2024\/11\/PL_00151-300x200.jpg 300w, https:\/\/omodajaecoo-caugiay.vn\/wp-content\/uploads\/2024\/11\/PL_00151-1024x684.jpg 1024w, https:\/\/omodajaecoo-caugiay.vn\/wp-content\/uploads\/2024\/11\/PL_00151-768x513.jpg 768w, https:\/\/omodajaecoo-caugiay.vn\/wp-content\/uploads\/2024\/11\/PL_00151-1536x1026.jpg 1536w, https:\/\/omodajaecoo-caugiay.vn\/wp-content\/uploads\/2024\/11\/PL_00151-2048x1368.jpg 2048w\" sizes=\"auto, (max-width: 300px) 100vw, 300px\" \/>  \t\t\t\t\t\t\t  \t\t\t\t\t\t\t  \t\t\t\t\t\t<\/div>\n  \t\t\t\t\t\t  \t\t\t\t\t<\/div>\n          \t\t\t\t\t<div class=\"box-text text-center\" >\n\t\t\t\t\t<div class=\"box-text-inner blog-post-inner\">\n\n\t\t\t\t\t\n\t\t\t\t\t\t\t\t\t\t<h5 class=\"post-title is-large \">ch\u00ednh th\u1ee9c OMODA C5 \u2013 Kh\u00e1m ph\u00e1 t\u01b0\u01a1ng lai<\/h5>\n\t\t\t\t\t\t\t\t\t\t<div class=\"is-divider\"><\/div>\n\t\t\t\t\t\t\t\t\t\t<p class=\"from_the_blog_excerpt \">V\u1edbi gi\u00e1 b\u00e1n ch\u00ednh th\u1ee9c OMODA C5 t\u1ea1i th\u1ecb tr\u01b0\u1eddng Vi\u1ec7t Nam: C5 Premium: 589.000.000VN\u0110 [...]\t\t\t\t\t<\/p>\n\t\t\t\t\t                    \n\t\t\t\t\t\n\t\t\t\t\t\n\t\t\t\t\t<\/div>\n\t\t\t\t\t<\/div>\n\t\t\t\t\t\t\t\t\t<\/div>\n\t\t\t\t<\/a>\n\t\t\t<\/div>\n\t\t<\/div><div class=\"col post-item\" >\n\t\t\t<div class=\"col-inner\">\n\t\t\t<a href=\"https:\/\/omodajaecoo-caugiay.vn\/?p=266\" class=\"plain\">\n\t\t\t\t<div class=\"box box-normal box-text-bottom box-blog-post has-hover\">\n            \t\t\t\t\t<div class=\"box-image\" >\n  \t\t\t\t\t\t<div class=\"image-cover\" style=\"padding-top:56.25%;\">\n  \t\t\t\t\t\t\t<img loading=\"lazy\" decoding=\"async\" width=\"300\" height=\"169\" src=\"https:\/\/omodajaecoo-caugiay.vn\/wp-content\/uploads\/2024\/09\/\u8d3a\u5170\u5c71kv_OL-300x169.jpg\" class=\"attachment-medium size-medium wp-post-image\" alt=\"\" srcset=\"https:\/\/omodajaecoo-caugiay.vn\/wp-content\/uploads\/2024\/09\/\u8d3a\u5170\u5c71kv_OL-300x169.jpg 300w, https:\/\/omodajaecoo-caugiay.vn\/wp-content\/uploads\/2024\/09\/\u8d3a\u5170\u5c71kv_OL-1024x576.jpg 1024w, https:\/\/omodajaecoo-caugiay.vn\/wp-content\/uploads\/2024\/09\/\u8d3a\u5170\u5c71kv_OL-768x432.jpg 768w, https:\/\/omodajaecoo-caugiay.vn\/wp-content\/uploads\/2024\/09\/\u8d3a\u5170\u5c71kv_OL-1536x864.jpg 1536w, https:\/\/omodajaecoo-caugiay.vn\/wp-content\/uploads\/2024\/09\/\u8d3a\u5170\u5c71kv_OL-2048x1152.jpg 2048w\" sizes=\"auto, (max-width: 300px) 100vw, 300px\" \/>  \t\t\t\t\t\t\t  \t\t\t\t\t\t\t  \t\t\t\t\t\t<\/div>\n  \t\t\t\t\t\t  \t\t\t\t\t<\/div>\n          \t\t\t\t\t<div class=\"box-text text-center\" >\n\t\t\t\t\t<div class=\"box-text-inner blog-post-inner\">\n\n\t\t\t\t\t\n\t\t\t\t\t\t\t\t\t\t<h5 class=\"post-title is-large \">Jaecoo7 s\u1eafp v\u1ec1 Vi\u1ec7t Nam Jaecoo 7 &#8211; T\u00e2n binh \u0111\u1ea7y ti\u1ec1m n\u0103ng tr\u00ean th\u1ecb tr\u01b0\u1eddng Vi\u1ec7t NamJaecoo7 s\u1eafp v\u1ec1 Vi\u1ec7t Nam<\/h5>\n\t\t\t\t\t\t\t\t\t\t<div class=\"is-divider\"><\/div>\n\t\t\t\t\t\t\t\t\t\t<p class=\"from_the_blog_excerpt \"> [...]\t\t\t\t\t<\/p>\n\t\t\t\t\t                    \n\t\t\t\t\t\n\t\t\t\t\t\n\t\t\t\t\t<\/div>\n\t\t\t\t\t<\/div>\n\t\t\t\t\t\t\t\t\t<\/div>\n\t\t\t\t<\/a>\n\t\t\t<\/div>\n\t\t<\/div><div class=\"col post-item\" >\n\t\t\t<div class=\"col-inner\">\n\t\t\t<a href=\"https:\/\/omodajaecoo-caugiay.vn\/?p=258\" class=\"plain\">\n\t\t\t\t<div class=\"box box-normal box-text-bottom box-blog-post has-hover\">\n            \t\t\t\t\t<div class=\"box-image\" >\n  \t\t\t\t\t\t<div class=\"image-cover\" style=\"padding-top:56.25%;\">\n  \t\t\t\t\t\t\t<img loading=\"lazy\" decoding=\"async\" width=\"300\" height=\"169\" src=\"https:\/\/omodajaecoo-caugiay.vn\/wp-content\/uploads\/2024\/09\/DSCF5433-300x169.jpg\" class=\"attachment-medium size-medium wp-post-image\" alt=\"\" srcset=\"https:\/\/omodajaecoo-caugiay.vn\/wp-content\/uploads\/2024\/09\/DSCF5433-300x169.jpg 300w, https:\/\/omodajaecoo-caugiay.vn\/wp-content\/uploads\/2024\/09\/DSCF5433-1024x576.jpg 1024w, https:\/\/omodajaecoo-caugiay.vn\/wp-content\/uploads\/2024\/09\/DSCF5433-768x432.jpg 768w, https:\/\/omodajaecoo-caugiay.vn\/wp-content\/uploads\/2024\/09\/DSCF5433-1536x864.jpg 1536w, https:\/\/omodajaecoo-caugiay.vn\/wp-content\/uploads\/2024\/09\/DSCF5433.jpg 2000w\" sizes=\"auto, (max-width: 300px) 100vw, 300px\" \/>  \t\t\t\t\t\t\t  \t\t\t\t\t\t\t  \t\t\t\t\t\t<\/div>\n  \t\t\t\t\t\t  \t\t\t\t\t<\/div>\n          \t\t\t\t\t<div class=\"box-text text-center\" >\n\t\t\t\t\t<div class=\"box-text-inner blog-post-inner\">\n\n\t\t\t\t\t\n\t\t\t\t\t\t\t\t\t\t<h5 class=\"post-title is-large \">Omoda 5 s\u1eafp v\u1ec1 Vi\u1ec7t Nam c\u00f3 g\u00ec \u0111\u1ec3 c\u1ea1nh tranh?<\/h5>\n\t\t\t\t\t\t\t\t\t\t<div class=\"is-divider\"><\/div>\n\t\t\t\t\t\t\t\t\t\t<p class=\"from_the_blog_excerpt \"> [...]\t\t\t\t\t<\/p>\n\t\t\t\t\t                    \n\t\t\t\t\t\n\t\t\t\t\t\n\t\t\t\t\t<\/div>\n\t\t\t\t\t<\/div>\n\t\t\t\t\t\t\t\t\t<\/div>\n\t\t\t\t<\/a>\n\t\t\t<\/div>\n\t\t<\/div><\/div>\n\n\n","protected":false},"excerpt":{"rendered":"","protected":false},"author":1,"featured_media":0,"parent":0,"menu_order":0,"comment_status":"closed","ping_status":"closed","template":"","meta":{"footnotes":""},"class_list":["post-27","page","type-page","status-publish","hentry"],"_links":{"self":[{"href":"https:\/\/omodajaecoo-caugiay.vn\/index.php?rest_route=\/wp\/v2\/pages\/27","targetHints":{"allow":["GET"]}}],"collection":[{"href":"https:\/\/omodajaecoo-caugiay.vn\/index.php?rest_route=\/wp\/v2\/pages"}],"about":[{"href":"https:\/\/omodajaecoo-caugiay.vn\/index.php?rest_route=\/wp\/v2\/types\/page"}],"author":[{"embeddable":true,"href":"https:\/\/omodajaecoo-caugiay.vn\/index.php?rest_route=\/wp\/v2\/users\/1"}],"replies":[{"embeddable":true,"href":"https:\/\/omodajaecoo-caugiay.vn\/index.php?rest_route=%2Fwp%2Fv2%2Fcomments&post=27"}],"version-history":[{"count":3,"href":"https:\/\/omodajaecoo-caugiay.vn\/index.php?rest_route=\/wp\/v2\/pages\/27\/revisions"}],"predecessor-version":[{"id":273,"href":"https:\/\/omodajaecoo-caugiay.vn\/index.php?rest_route=\/wp\/v2\/pages\/27\/revisions\/273"}],"wp:attachment":[{"href":"https:\/\/omodajaecoo-caugiay.vn\/index.php?rest_route=%2Fwp%2Fv2%2Fmedia&parent=27"}],"curies":[{"name":"wp","href":"https:\/\/api.w.org\/{rel}","templated":true}]}}