{"id":23,"date":"2024-09-11T11:07:58","date_gmt":"2024-09-11T04:07:58","guid":{"rendered":"https:\/\/omodajaecoo-caugiay.vn\/?page_id=23"},"modified":"2024-11-29T14:58:45","modified_gmt":"2024-11-29T07:58:45","slug":"gia-xe","status":"publish","type":"page","link":"https:\/\/omodajaecoo-caugiay.vn\/?page_id=23","title":{"rendered":"LI\u00caN H\u1ec6"},"content":{"rendered":"\n\t<section class=\"section dark\" id=\"section_743140405\">\n\t\t<div class=\"bg section-bg fill bg-fill  \" >\n\n\t\t\t\n\t\t\t<div class=\"section-bg-overlay absolute fill\"><\/div>\n\t\t\t\n\n\t\t<\/div>\n\n\t\t\n\n\t\t<div class=\"section-content relative\">\n\t\t\t\n\n<div class=\"row\"  id=\"row-521081390\">\n\n\n\t<div id=\"col-675987645\" class=\"col small-12 large-12\"  >\n\t\t\t\t<div class=\"col-inner text-center\"  >\n\t\t\t\n\t\t\t\n\n<h2>CHAMPIONING THE ROAD AHEAD<\/h2>\n\n\t\t<\/div>\n\t\t\t\t\n<style>\n#col-675987645 > .col-inner {\n  padding: 20px 0px 0px 0px;\n}\n<\/style>\n\t<\/div>\n\n\t\n\n<\/div>\n\n\t\t<\/div>\n\n\t\t\n<style>\n#section_743140405 {\n  padding-top: 140px;\n  padding-bottom: 140px;\n  background-color: rgb(40, 40, 40);\n}\n#section_743140405 .section-bg-overlay {\n  background-color: rgba(0, 0, 0, 0.3);\n}\n#section_743140405 .section-bg.bg-loaded {\n  background-image: url(https:\/\/omodajaecoo-caugiay.vn\/wp-content\/uploads\/2024\/09\/\u8d3a\u5170\u5c71kv_OL-scaled.jpg);\n}\n#section_743140405 .section-bg {\n  background-position: 48% 50%;\n}\n#section_743140405 .ux-shape-divider--top svg {\n  height: 150px;\n  --divider-top-width: 100%;\n}\n#section_743140405 .ux-shape-divider--bottom svg {\n  height: 150px;\n  --divider-width: 100%;\n}\n<\/style>\n\t<\/section>\n\t\n\t<section class=\"section\" id=\"section_681673901\">\n\t\t<div class=\"bg section-bg fill bg-fill  bg-loaded\" >\n\n\t\t\t\n\t\t\t\n\t\t\t\n\n\t\t<\/div>\n\n\t\t\n\n\t\t<div class=\"section-content relative\">\n\t\t\t\n\n<div class=\"row\"  id=\"row-659534523\">\n\n\n\t<div id=\"col-696556039\" class=\"col small-12 large-12\"  >\n\t\t\t\t<div class=\"col-inner\"  >\n\t\t\t\n\t\t\t\n\n<div class=\"row align-equal\"  id=\"row-830946882\">\n\n\n\t<div id=\"col-276738752\" class=\"col medium-6 small-12 large-6\"  >\n\t\t\t\t<div class=\"col-inner text-center\"  >\n\t\t\t\n\t\t\t\n\n\n\t\t<div class=\"icon-box featured-box icon-box-center text-center\"  >\n\t\t\t\t\t<div class=\"icon-box-img\" style=\"width: 60px\">\n\t\t\t\t<div class=\"icon\">\n\t\t\t\t\t<div class=\"icon-inner\" >\n\t\t\t\t\t\t<img loading=\"lazy\" decoding=\"async\" width=\"300\" height=\"300\" src=\"https:\/\/omodajaecoo-caugiay.vn\/wp-content\/uploads\/2024\/09\/contact-page-for-flatsome-wordpress-theme-pointed-icon-phone-300x300.png\" class=\"attachment-medium size-medium\" alt=\"\" srcset=\"https:\/\/omodajaecoo-caugiay.vn\/wp-content\/uploads\/2024\/09\/contact-page-for-flatsome-wordpress-theme-pointed-icon-phone-300x300.png 300w, https:\/\/omodajaecoo-caugiay.vn\/wp-content\/uploads\/2024\/09\/contact-page-for-flatsome-wordpress-theme-pointed-icon-phone-150x150.png 150w, https:\/\/omodajaecoo-caugiay.vn\/wp-content\/uploads\/2024\/09\/contact-page-for-flatsome-wordpress-theme-pointed-icon-phone.png 512w\" sizes=\"auto, (max-width: 300px) 100vw, 300px\" \/>\t\t\t\t\t<\/div>\n\t\t\t\t<\/div>\n\t\t\t<\/div>\n\t\t\t\t<div class=\"icon-box-text last-reset\">\n\t\t\t\t\t\t\t\t\t\n\n<h4>LI\u00caN H\u1ec6 B\u00c1N H\u00c0NG<\/h4>\n<p>H\u00c3Y G\u1eccI CHO B\u1ed8 PH\u1eacN B\u00c1N H\u00c0NG C\u1ee6A CH\u00daNG T\u00d4I \u0110\u1ec2 BI\u1ebeT TH\u00caM TH\u00d4NG TIN.<\/p>\n\t<div id=\"gap-1025610656\" class=\"gap-element clearfix\" style=\"display:block; height:auto;\">\n\t\t\n<style>\n#gap-1025610656 {\n  padding-top: 20px;\n}\n<\/style>\n\t<\/div>\n\t\n\n<a href=\"#0904983386\" target=\"_self\" class=\"button secondary\"  style=\"border-radius:20px;\">\n    <span>0846392666<\/span>\n  <\/a>\n\n\n\n\t\t<\/div>\n\t<\/div>\n\t\n\t\n\n\t\t<\/div>\n\t\t\t\t\t<\/div>\n\n\t\n\n\t<div id=\"col-892548127\" class=\"col medium-6 small-12 large-6\"  >\n\t\t\t\t<div class=\"col-inner text-center\"  >\n\t\t\t\n\t\t\t\n\n<p>\u0110\u0102NG K\u00dd NH\u1eacN B\u00c1O GI\u00c1<\/p>\n\n<div class=\"wpcf7 no-js\" id=\"wpcf7-f97-o1\" lang=\"en-US\" dir=\"ltr\">\n<div class=\"screen-reader-response\"><p role=\"status\" aria-live=\"polite\" aria-atomic=\"true\"><\/p> <ul><\/ul><\/div>\n<form action=\"\/index.php?rest_route=%2Fwp%2Fv2%2Fpages%2F23#wpcf7-f97-o1\" method=\"post\" class=\"wpcf7-form init\" aria-label=\"Contact form\" novalidate=\"novalidate\" data-status=\"init\">\n<div style=\"display: none;\">\n<input type=\"hidden\" name=\"_wpcf7\" value=\"97\" \/>\n<input type=\"hidden\" name=\"_wpcf7_version\" value=\"5.9.8\" \/>\n<input type=\"hidden\" name=\"_wpcf7_locale\" value=\"en_US\" \/>\n<input type=\"hidden\" name=\"_wpcf7_unit_tag\" value=\"wpcf7-f97-o1\" \/>\n<input type=\"hidden\" name=\"_wpcf7_container_post\" value=\"0\" \/>\n<input type=\"hidden\" name=\"_wpcf7_posted_data_hash\" value=\"\" \/>\n<\/div>\n<div class=\"formTT\">\n\t<div id=\"info-left\">\n\t\t<p><span class=\"wpcf7-form-control-wrap\" data-name=\"your-name\"><input size=\"40\" maxlength=\"400\" class=\"wpcf7-form-control wpcf7-text wpcf7-validates-as-required\" aria-required=\"true\" aria-invalid=\"false\" placeholder=\"H\u1ecd t\u00ean *\" value=\"\" type=\"text\" name=\"your-name\" \/><\/span>\n\t\t<\/p>\n\t<\/div>\n\t<div id=\"info-left\">\n\t\t<p><span class=\"wpcf7-form-control-wrap\" data-name=\"your-number\"><input size=\"40\" maxlength=\"400\" class=\"wpcf7-form-control wpcf7-tel wpcf7-validates-as-required wpcf7-text wpcf7-validates-as-tel\" aria-required=\"true\" aria-invalid=\"false\" placeholder=\"Di \u0111\u1ed9ng *\" value=\"\" type=\"tel\" name=\"your-number\" \/><\/span>\n\t\t<\/p>\n\t<\/div>\n\t<div id=\"info-left\">\n\t\t<p><span class=\"wpcf7-form-control-wrap\" data-name=\"your-car\"><select class=\"wpcf7-form-control wpcf7-select wpcf7-validates-as-required\" aria-required=\"true\" aria-invalid=\"false\" name=\"your-car\"><option value=\"Ch\u1ecdn xe\">Ch\u1ecdn xe<\/option><option value=\"Omoda 5\">Omoda 5<\/option><option value=\"Jaecoo 7\">Jaecoo 7<\/option><\/select><\/span>\n\t\t<\/p>\n\t<\/div>\n\t<div id=\"info-left2\">\n\t\t<p><input class=\"wpcf7-form-control wpcf7-submit has-spinner button\" type=\"submit\" value=\"G\u1eedi \u0110i\" \/>\n\t\t<\/p>\n\t<\/div>\n<\/div><input type='hidden' class='wpcf7-pum' value='{\"closepopup\":false,\"closedelay\":0,\"openpopup\":false,\"openpopup_id\":0}' \/><div class=\"wpcf7-response-output\" aria-hidden=\"true\"><\/div>\n<\/form>\n<\/div>\n\n\n\n\t\t<\/div>\n\t\t\t\t\t<\/div>\n\n\t\n\n\t<div id=\"col-1465417717\" class=\"col small-12 large-12\"  >\n\t\t\t\t<div class=\"col-inner text-center\" style=\"background-color:rgb(255,255,255);\" >\n\t\t\t\n\t\t\t\n\n<h4>B\u1ea1n h\u00e3y \u0111\u1ec3 l\u1ea1i th\u00f4ng tin ch\u00fang t\u00f4i s\u1ebd li\u00ean h\u1ec7 ngay khi c\u00f3 th\u1ec3 \u0111\u1ec3 th\u00f4ng b\u00e1o gi\u00e1 xe, c\u0169ng nh\u01b0 khuy\u1ebfn m\u1ea1i c\u1ee5 th\u1ec3.<\/h4>\n\n\t\t<\/div>\n\t\t\t\t\t<\/div>\n\n\t\n\n\n<style>\n#row-830946882 > .col > .col-inner {\n  padding: 40px 40px 40px 40px;\n  background-color: rgb(255,255,255);\n}\n<\/style>\n<\/div>\n\n\t\t<\/div>\n\t\t\t\t\n<style>\n#col-696556039 > .col-inner {\n  margin: -100px 0px 0px 0px;\n}\n<\/style>\n\t<\/div>\n\n\t\n\n<\/div>\n\n\t\t<\/div>\n\n\t\t\n<style>\n#section_681673901 {\n  padding-top: 30px;\n  padding-bottom: 30px;\n  background-color: rgb(244, 244, 244);\n}\n#section_681673901 .ux-shape-divider--top svg {\n  height: 150px;\n  --divider-top-width: 100%;\n}\n#section_681673901 .ux-shape-divider--bottom svg {\n  height: 150px;\n  --divider-width: 100%;\n}\n<\/style>\n\t<\/section>\n\t\n\n","protected":false},"excerpt":{"rendered":"","protected":false},"author":1,"featured_media":0,"parent":0,"menu_order":0,"comment_status":"closed","ping_status":"closed","template":"","meta":{"footnotes":""},"class_list":["post-23","page","type-page","status-publish","hentry"],"_links":{"self":[{"href":"https:\/\/omodajaecoo-caugiay.vn\/index.php?rest_route=\/wp\/v2\/pages\/23","targetHints":{"allow":["GET"]}}],"collection":[{"href":"https:\/\/omodajaecoo-caugiay.vn\/index.php?rest_route=\/wp\/v2\/pages"}],"about":[{"href":"https:\/\/omodajaecoo-caugiay.vn\/index.php?rest_route=\/wp\/v2\/types\/page"}],"author":[{"embeddable":true,"href":"https:\/\/omodajaecoo-caugiay.vn\/index.php?rest_route=\/wp\/v2\/users\/1"}],"replies":[{"embeddable":true,"href":"https:\/\/omodajaecoo-caugiay.vn\/index.php?rest_route=%2Fwp%2Fv2%2Fcomments&post=23"}],"version-history":[{"count":8,"href":"https:\/\/omodajaecoo-caugiay.vn\/index.php?rest_route=\/wp\/v2\/pages\/23\/revisions"}],"predecessor-version":[{"id":293,"href":"https:\/\/omodajaecoo-caugiay.vn\/index.php?rest_route=\/wp\/v2\/pages\/23\/revisions\/293"}],"wp:attachment":[{"href":"https:\/\/omodajaecoo-caugiay.vn\/index.php?rest_route=%2Fwp%2Fv2%2Fmedia&parent=23"}],"curies":[{"name":"wp","href":"https:\/\/api.w.org\/{rel}","templated":true}]}}