{"id":18,"date":"2024-09-11T11:07:20","date_gmt":"2024-09-11T04:07:20","guid":{"rendered":"https:\/\/omodajaecoo-caugiay.vn\/?page_id=18"},"modified":"2025-02-04T16:05:53","modified_gmt":"2025-02-04T09:05:53","slug":"gioi-thieu","status":"publish","type":"page","link":"https:\/\/omodajaecoo-caugiay.vn\/?page_id=18","title":{"rendered":"Gi\u1edbi Thi\u1ec7u"},"content":{"rendered":"\n\t<section class=\"section\" id=\"section_531583274\">\n\t\t<div class=\"bg section-bg fill bg-fill  \" >\n\n\t\t\t\n\t\t\t\n\t\t\t\n\n\t\t<\/div>\n\n\t\t\n\n\t\t<div class=\"section-content relative\">\n\t\t\t\n\n\n\t\t<\/div>\n\n\t\t\n<style>\n#section_531583274 {\n  padding-top: 30px;\n  padding-bottom: 30px;\n  min-height: 300px;\n}\n#section_531583274 .section-bg.bg-loaded {\n  background-image: url(https:\/\/omodajaecoo-caugiay.vn\/wp-content\/uploads\/2025\/02\/cau_giay_hn.webp);\n}\n#section_531583274 .section-bg {\n  background-position: 64% 49%;\n}\n#section_531583274 .ux-shape-divider--top svg {\n  height: 150px;\n  --divider-top-width: 100%;\n}\n#section_531583274 .ux-shape-divider--bottom svg {\n  height: 150px;\n  --divider-width: 100%;\n}\n@media (min-width:550px) {\n  #section_531583274 {\n    min-height: 400px;\n  }\n}\n@media (min-width:850px) {\n  #section_531583274 {\n    min-height: 500px;\n  }\n}\n<\/style>\n\t<\/section>\n\t\n\t<section class=\"section\" id=\"section_1305186594\">\n\t\t<div class=\"bg section-bg fill bg-fill  bg-loaded\" >\n\n\t\t\t\n\t\t\t\n\t\t\t\n\n\t\t<\/div>\n\n\t\t\n\n\t\t<div class=\"section-content relative\">\n\t\t\t\n\n<div class=\"row align-center\"  id=\"row-1566716948\">\n\n\n\t<div id=\"col-1779109468\" class=\"col medium-12 small-12 large-6\"  >\n\t\t\t\t<div class=\"col-inner\"  >\n\t\t\t\n\t\t\t\n\n\t<div id=\"gap-1384053661\" class=\"gap-element clearfix\" style=\"display:block; height:auto;\">\n\t\t\n<style>\n#gap-1384053661 {\n  padding-top: 10px;\n}\n@media (min-width:550px) {\n  #gap-1384053661 {\n    padding-top: 20px;\n  }\n}\n@media (min-width:850px) {\n  #gap-1384053661 {\n    padding-top: 30px;\n  }\n}\n<\/style>\n\t<\/div>\n\t\n\n\t<div id=\"text-871509713\" class=\"text\">\n\t\t\n\n<h1>Omoda &#038; Jaecoo<br \/>\nC\u1ea7u Gi\u1ea5y<\/h1>\n\n\t\t\n<style>\n#text-871509713 {\n  font-size: 1.55rem;\n}\n<\/style>\n\t<\/div>\n\t\n<p data-sourcepos=\"1:1-1:308\">Omoda &amp; Jaecoo l\u00e0 hai th\u01b0\u01a1ng hi\u1ec7u \u00f4 t\u00f4 m\u1edbi \u0111\u1ea7y ti\u1ec1m n\u0103ng, thu\u1ed9c t\u1eadp \u0111o\u00e0n Chery &#8211; m\u1ed9t trong nh\u1eefng nh\u00e0 s\u1ea3n xu\u1ea5t \u00f4 t\u00f4 h\u00e0ng \u0111\u1ea7u t\u1ea1i Trung Qu\u1ed1c. Omoda &amp; Jaecoo \u0111\u01b0\u1ee3c \u0111\u1ecbnh v\u1ecb l\u00e0 nh\u1eefng th\u01b0\u01a1ng hi\u1ec7u xe to\u00e0n c\u1ea7u, t\u1eadp trung v\u00e0o ph\u00e2n kh\u00fac SUV v\u1edbi thi\u1ebft k\u1ebf \u0111\u1ed9t ph\u00e1, c\u00f4ng ngh\u1ec7 ti\u00ean ti\u1ebfn v\u00e0 tr\u1ea3i nghi\u1ec7m l\u00e1i \u0111\u1eb3ng c\u1ea5p.<\/p>\n<p data-sourcepos=\"3:1-3:224\"><strong>Omoda<\/strong> n\u1ed5i b\u1eadt v\u1edbi phong c\u00e1ch thi\u1ebft k\u1ebf tr\u1ebb trung, hi\u1ec7n \u0111\u1ea1i, h\u01b0\u1edbng \u0111\u1ebfn nh\u1eefng kh\u00e1ch h\u00e0ng n\u0103ng \u0111\u1ed9ng v\u00e0 c\u00e1 t\u00ednh. C\u00e1c m\u1eabu xe Omoda g\u00e2y \u1ea5n t\u01b0\u1ee3ng b\u1edfi ngo\u1ea1i h\u00ecnh b\u1eaft m\u1eaft, n\u1ed9i th\u1ea5t ti\u1ec7n nghi v\u00e0 nh\u1eefng c\u00f4ng ngh\u1ec7 th\u00f4ng minh h\u00e0ng \u0111\u1ea7u.<\/p>\n<p data-sourcepos=\"5:1-5:208\"><strong>Jaecoo<\/strong> mang \u0111\u1ebfn s\u1ef1 sang tr\u1ecdng, l\u1ecbch l\u00e3m v\u00e0 m\u1ea1nh m\u1ebd. Nh\u1eefng chi\u1ebfc xe Jaecoo kh\u00f4ng ch\u1ec9 s\u1edf h\u1eefu thi\u1ebft k\u1ebf tinh t\u1ebf m\u00e0 c\u00f2n \u0111\u01b0\u1ee3c trang b\u1ecb \u0111\u1ed9ng c\u01a1 m\u1ea1nh m\u1ebd, h\u1ec7 th\u1ed1ng treo \u01b0u vi\u1ec7t v\u00e0 nh\u1eefng t\u00ednh n\u0103ng an to\u00e0n h\u00e0ng \u0111\u1ea7u.<\/p>\n<p data-sourcepos=\"7:1-7:295\">C\u1ea3 Omoda v\u00e0 Jaecoo \u0111\u1ec1u ch\u00fa tr\u1ecdng \u0111\u1ebfn vi\u1ec7c mang \u0111\u1ebfn cho kh\u00e1ch h\u00e0ng nh\u1eefng s\u1ea3n ph\u1ea9m ch\u1ea5t l\u01b0\u1ee3ng cao, \u0111\u00e1p \u1ee9ng m\u1ecdi nhu c\u1ea7u di chuy\u1ec3n v\u00e0 th\u1ec3 hi\u1ec7n c\u00e1 t\u00ednh. V\u1edbi s\u1ef1 \u0111\u1ea7u t\u01b0 m\u1ea1nh m\u1ebd v\u00e0o nghi\u00ean c\u1ee9u v\u00e0 ph\u00e1t tri\u1ec3n, Omoda &amp; Jaecoo h\u1ee9a h\u1eb9n s\u1ebd tr\u1edf th\u00e0nh nh\u1eefng c\u00e1i t\u00ean \u0111\u00e1ng ch\u00fa \u00fd tr\u00ean th\u1ecb tr\u01b0\u1eddng \u00f4 t\u00f4 to\u00e0n c\u1ea7u.<\/p>\n<p data-sourcepos=\"9:1-9:272\">T\u1ea1i Vi\u1ec7t Nam, Omoda &amp; Jaecoo \u0111\u00e3 ch\u00ednh th\u1ee9c ra m\u1eaft v\u00e0 nh\u1eadn \u0111\u01b0\u1ee3c s\u1ef1 quan t\u00e2m \u0111\u1eb7c bi\u1ec7t t\u1eeb gi\u1edbi m\u1ed9 xe. S\u1ef1 xu\u1ea5t hi\u1ec7n c\u1ee7a hai th\u01b0\u01a1ng hi\u1ec7u n\u00e0y kh\u00f4ng ch\u1ec9 l\u00e0m phong ph\u00fa th\u00eam th\u1ecb tr\u01b0\u1eddng \u00f4 t\u00f4 Vi\u1ec7t Nam m\u00e0 c\u00f2n mang \u0111\u1ebfn cho kh\u00e1ch h\u00e0ng nh\u1eefng l\u1ef1a ch\u1ecdn m\u1edbi h\u1ea5p d\u1eabn trong ph\u00e2n kh\u00fac SUV.<\/p>\n\n\t\t<\/div>\n\t\t\t\t\n<style>\n#col-1779109468 > .col-inner {\n  padding: 0px 10% 0px 0px;\n}\n<\/style>\n\t<\/div>\n\n\t\n\n\t<div id=\"col-2131896876\" class=\"col medium-12 small-12 large-6\"  >\n\t\t\t\t<div class=\"col-inner\" style=\"background-color:rgb(241, 241, 241);\" >\n\t\t\t\n\t<div class=\"is-border\"\n\t\tstyle=\"border-color:rgb(73, 193, 147);border-width:10px 0px 0px 0px;\">\n\t<\/div>\n\t\t\t\n\n<ul>\n<li data-sourcepos=\"3:1-3:201\"><strong>Th\u01b0\u01a1ng hi\u1ec7u m\u1edbi n\u1ed5i:<\/strong> Omoda l\u00e0 m\u1ed9t th\u01b0\u01a1ng hi\u1ec7u \u00f4 t\u00f4 m\u1edbi, ra m\u1eaft th\u1ecb tr\u01b0\u1eddng to\u00e0n c\u1ea7u v\u00e0o n\u0103m 2022. Tuy nhi\u00ean, Omoda c\u00f3 ti\u1ec1m n\u0103ng ph\u00e1t tri\u1ec3n r\u1ea5t l\u1edbn nh\u1edd s\u1ef1 \u0111\u1ea7u t\u01b0 m\u1ea1nh m\u1ebd v\u1ec1 c\u00f4ng ngh\u1ec7 v\u00e0 thi\u1ebft k\u1ebf.<\/li>\n<li data-sourcepos=\"4:1-4:253\"><strong>Thi\u1ebft k\u1ebf \u0111\u1ed9t ph\u00e1:<\/strong> C\u00e1c m\u1eabu xe Omoda c\u00f3 thi\u1ebft k\u1ebf ngo\u1ea1i th\u1ea5t v\u00e0 n\u1ed9i th\u1ea5t hi\u1ec7n \u0111\u1ea1i, tr\u1ebb trung, h\u01b0\u1edbng \u0111\u1ebfn \u0111\u1ed1i t\u01b0\u1ee3ng kh\u00e1ch h\u00e0ng n\u0103ng \u0111\u1ed9ng. Ng\u00f4n ng\u1eef thi\u1ebft k\u1ebf &#8220;Art in Motion&#8221; (Ngh\u1ec7 thu\u1eadt trong chuy\u1ec3n \u0111\u1ed9ng) gi\u00fap xe Omoda c\u00f3 v\u1ebb ngo\u00e0i kh\u00e1c bi\u1ec7t v\u00e0 thu h\u00fat.<\/li>\n<li data-sourcepos=\"5:1-5:180\"><strong>C\u00f4ng ngh\u1ec7 ti\u00ean ti\u1ebfn:<\/strong> Omoda trang b\u1ecb cho c\u00e1c m\u1eabu xe c\u1ee7a m\u00ecnh nhi\u1ec1u c\u00f4ng ngh\u1ec7 hi\u1ec7n \u0111\u1ea1i nh\u01b0 h\u1ec7 th\u1ed1ng h\u1ed7 tr\u1ee3 l\u00e1i xe n\u00e2ng cao (ADAS), m\u00e0n h\u00ecnh c\u1ea3m \u1ee9ng l\u1edbn, k\u1ebft n\u1ed1i th\u00f4ng minh&#8230;<\/li>\n<li data-sourcepos=\"6:1-6:161\"><strong>\u0110a d\u1ea1ng s\u1ea3n ph\u1ea9m:<\/strong> Omoda c\u00f3 k\u1ebf ho\u1ea1ch ph\u00e1t tri\u1ec3n v\u00e0 ra m\u1eaft nhi\u1ec1u d\u00f2ng xe kh\u00e1c nhau, t\u1eeb sedan, SUV \u0111\u1ebfn xe \u0111i\u1ec7n, nh\u1eb1m \u0111\u00e1p \u1ee9ng nhu c\u1ea7u \u0111a d\u1ea1ng c\u1ee7a th\u1ecb tr\u01b0\u1eddng.<\/li>\n<li data-sourcepos=\"7:1-8:0\"><strong>\u0110\u1ecbnh v\u1ecb to\u00e0n c\u1ea7u:<\/strong> Omoda kh\u00f4ng ch\u1ec9 t\u1eadp trung v\u00e0o th\u1ecb tr\u01b0\u1eddng Trung Qu\u1ed1c m\u00e0 c\u00f2n c\u00f3 tham v\u1ecdng m\u1edf r\u1ed9ng sang c\u00e1c th\u1ecb tr\u01b0\u1eddng kh\u00e1c tr\u00ean th\u1ebf gi\u1edbi, trong \u0111\u00f3 c\u00f3 Vi\u1ec7t Nam.<\/li>\n<\/ul>\n\n\t\t<\/div>\n\t\t\t\t\n<style>\n#col-2131896876 > .col-inner {\n  padding: 15% 10% 5% 10%;\n  margin: 0 0px 0px 0px;\n}\n@media (min-width:550px) {\n  #col-2131896876 > .col-inner {\n    padding: 10% 10% 8% 10%;\n  }\n}\n@media (min-width:850px) {\n  #col-2131896876 > .col-inner {\n    padding: 15% 15% 10% 15%;\n    margin: -172px 0px 0px 0px;\n  }\n}\n<\/style>\n\t<\/div>\n\n\t\n\n<\/div>\n\n\t\t<\/div>\n\n\t\t\n<style>\n#section_1305186594 {\n  padding-top: 30px;\n  padding-bottom: 30px;\n}\n#section_1305186594 .ux-shape-divider--top svg {\n  height: 150px;\n  --divider-top-width: 100%;\n}\n#section_1305186594 .ux-shape-divider--bottom svg {\n  height: 150px;\n  --divider-width: 100%;\n}\n<\/style>\n\t<\/section>\n\t\n\n","protected":false},"excerpt":{"rendered":"","protected":false},"author":1,"featured_media":0,"parent":0,"menu_order":0,"comment_status":"closed","ping_status":"closed","template":"","meta":{"footnotes":""},"class_list":["post-18","page","type-page","status-publish","hentry"],"_links":{"self":[{"href":"https:\/\/omodajaecoo-caugiay.vn\/index.php?rest_route=\/wp\/v2\/pages\/18","targetHints":{"allow":["GET"]}}],"collection":[{"href":"https:\/\/omodajaecoo-caugiay.vn\/index.php?rest_route=\/wp\/v2\/pages"}],"about":[{"href":"https:\/\/omodajaecoo-caugiay.vn\/index.php?rest_route=\/wp\/v2\/types\/page"}],"author":[{"embeddable":true,"href":"https:\/\/omodajaecoo-caugiay.vn\/index.php?rest_route=\/wp\/v2\/users\/1"}],"replies":[{"embeddable":true,"href":"https:\/\/omodajaecoo-caugiay.vn\/index.php?rest_route=%2Fwp%2Fv2%2Fcomments&post=18"}],"version-history":[{"count":4,"href":"https:\/\/omodajaecoo-caugiay.vn\/index.php?rest_route=\/wp\/v2\/pages\/18\/revisions"}],"predecessor-version":[{"id":419,"href":"https:\/\/omodajaecoo-caugiay.vn\/index.php?rest_route=\/wp\/v2\/pages\/18\/revisions\/419"}],"wp:attachment":[{"href":"https:\/\/omodajaecoo-caugiay.vn\/index.php?rest_route=%2Fwp%2Fv2%2Fmedia&parent=18"}],"curies":[{"name":"wp","href":"https:\/\/api.w.org\/{rel}","templated":true}]}}